{"id":10,"date":"2022-09-26T22:42:59","date_gmt":"2022-09-26T22:42:59","guid":{"rendered":"https:\/\/aksavann.no\/?page_id=10"},"modified":"2022-09-29T11:31:13","modified_gmt":"2022-09-29T11:31:13","slug":"elementor-10","status":"publish","type":"page","link":"https:\/\/aksavann.no\/","title":{"rendered":"Hjem"},"content":{"rendered":"\t\t<div data-elementor-type=\"wp-post\" data-elementor-id=\"10\" class=\"elementor elementor-10\">\n\t\t\t\t\t\t\t\t\t<section class=\"elementor-section elementor-top-section elementor-element elementor-element-b239f80 elementor-section-height-min-height elementor-section-boxed elementor-section-height-default elementor-section-items-middle\" data-id=\"b239f80\" data-element_type=\"section\" data-settings=\"{&quot;background_background&quot;:&quot;classic&quot;}\">\n\t\t\t\t\t\t\t<div class=\"elementor-background-overlay\"><\/div>\n\t\t\t\t\t\t\t<div class=\"elementor-container elementor-column-gap-default\">\n\t\t\t\t\t<div class=\"elementor-column elementor-col-100 elementor-top-column elementor-element elementor-element-0d174bb\" data-id=\"0d174bb\" data-element_type=\"column\">\n\t\t\t<div class=\"elementor-widget-wrap elementor-element-populated\">\n\t\t\t\t\t\t\t\t<section class=\"elementor-section elementor-inner-section elementor-element elementor-element-d435b0a elementor-section-boxed elementor-section-height-default elementor-section-height-default\" data-id=\"d435b0a\" data-element_type=\"section\">\n\t\t\t\t\t\t<div class=\"elementor-container elementor-column-gap-default\">\n\t\t\t\t\t<div class=\"elementor-column elementor-col-33 elementor-inner-column elementor-element elementor-element-89a83b9\" data-id=\"89a83b9\" data-element_type=\"column\">\n\t\t\t<div class=\"elementor-widget-wrap elementor-element-populated\">\n\t\t\t\t\t\t\t\t<div class=\"elementor-element elementor-element-aa14e58 elementor-widget elementor-widget-image\" data-id=\"aa14e58\" data-element_type=\"widget\" data-widget_type=\"image.default\">\n\t\t\t\t<div class=\"elementor-widget-container\">\n\t\t\t<style>\/*! elementor - v3.7.7 - 20-09-2022 *\/\n.elementor-widget-image{text-align:center}.elementor-widget-image a{display:inline-block}.elementor-widget-image a img[src$=\".svg\"]{width:48px}.elementor-widget-image img{vertical-align:middle;display:inline-block}<\/style>\t\t\t\t\t\t\t\t\t\t\t\t<img loading=\"lazy\" decoding=\"async\" width=\"800\" height=\"429\" src=\"https:\/\/aksavann.no\/wp-content\/uploads\/2022\/09\/AKSA-Vann_Hovedlogo_Mork-Bakgrunn-1024x549.png\" class=\"attachment-large size-large\" alt=\"\" srcset=\"https:\/\/aksavann.no\/wp-content\/uploads\/2022\/09\/AKSA-Vann_Hovedlogo_Mork-Bakgrunn-1024x549.png 1024w, https:\/\/aksavann.no\/wp-content\/uploads\/2022\/09\/AKSA-Vann_Hovedlogo_Mork-Bakgrunn-300x161.png 300w, https:\/\/aksavann.no\/wp-content\/uploads\/2022\/09\/AKSA-Vann_Hovedlogo_Mork-Bakgrunn-768x411.png 768w, https:\/\/aksavann.no\/wp-content\/uploads\/2022\/09\/AKSA-Vann_Hovedlogo_Mork-Bakgrunn-1536x823.png 1536w, https:\/\/aksavann.no\/wp-content\/uploads\/2022\/09\/AKSA-Vann_Hovedlogo_Mork-Bakgrunn.png 1878w\" sizes=\"auto, (max-width: 800px) 100vw, 800px\" \/>\t\t\t\t\t\t\t\t\t\t\t\t\t\t\t<\/div>\n\t\t\t\t<\/div>\n\t\t\t\t\t<\/div>\n\t\t<\/div>\n\t\t\t\t<div class=\"elementor-column elementor-col-33 elementor-inner-column elementor-element elementor-element-48ce3e2\" data-id=\"48ce3e2\" data-element_type=\"column\">\n\t\t\t<div class=\"elementor-widget-wrap elementor-element-populated\">\n\t\t\t\t\t\t\t\t<div class=\"elementor-element elementor-element-3ba08a3 elementor-widget elementor-widget-heading\" data-id=\"3ba08a3\" data-element_type=\"widget\" data-widget_type=\"heading.default\">\n\t\t\t\t<div class=\"elementor-widget-container\">\n\t\t\t<style>\/*! elementor - v3.7.7 - 20-09-2022 *\/\n.elementor-heading-title{padding:0;margin:0;line-height:1}.elementor-widget-heading .elementor-heading-title[class*=elementor-size-]>a{color:inherit;font-size:inherit;line-height:inherit}.elementor-widget-heading .elementor-heading-title.elementor-size-small{font-size:15px}.elementor-widget-heading .elementor-heading-title.elementor-size-medium{font-size:19px}.elementor-widget-heading .elementor-heading-title.elementor-size-large{font-size:29px}.elementor-widget-heading .elementor-heading-title.elementor-size-xl{font-size:39px}.elementor-widget-heading .elementor-heading-title.elementor-size-xxl{font-size:59px}<\/style><h2 class=\"elementor-heading-title elementor-size-default\">AKSA Vann AS er en del av energikonsernet Alta Kraftlag SA som driver kraftproduksjon, elektroentrepren\u00f8rtjenester og utvikling av str\u00f8m- og fibernett. Selskapet har ansvar for kraftproduksjon, drift og vedlikehold av konsernets vannkraftverk i K\u00e5ven, M\u00f8llelva, Hakkstabben og Mathisfoss.<\/h2>\t\t<\/div>\n\t\t\t\t<\/div>\n\t\t\t\t\t<\/div>\n\t\t<\/div>\n\t\t\t\t<div class=\"elementor-column elementor-col-33 elementor-inner-column elementor-element elementor-element-d86a486\" data-id=\"d86a486\" data-element_type=\"column\">\n\t\t\t<div class=\"elementor-widget-wrap\">\n\t\t\t\t\t\t\t\t\t<\/div>\n\t\t<\/div>\n\t\t\t\t\t\t\t<\/div>\n\t\t<\/section>\n\t\t\t\t\t<\/div>\n\t\t<\/div>\n\t\t\t\t\t\t\t<\/div>\n\t\t<\/section>\n\t\t\t\t\t\t\t<\/div>\n\t\t","protected":false},"excerpt":{"rendered":"<p>AKSA Vann AS er en del av energikonsernet Alta Kraftlag SA som driver kraftproduksjon, elektroentrepren\u00f8rtjenester og utvikling av str\u00f8m- og fibernett. Selskapet har ansvar for kraftproduksjon, drift og vedlikehold av konsernets vannkraftverk i K\u00e5ven, M\u00f8llelva, Hakkstabben og Mathisfoss.<\/p>\n","protected":false},"author":1,"featured_media":0,"parent":0,"menu_order":0,"comment_status":"closed","ping_status":"closed","template":"elementor_canvas","meta":{"footnotes":""},"class_list":["post-10","page","type-page","status-publish","hentry"],"yoast_head":"<!-- This site is optimized with the Yoast SEO plugin v19.7.1 - https:\/\/yoast.com\/wordpress\/plugins\/seo\/ -->\n<title>Hjem - Aksa Vann<\/title>\n<meta name=\"robots\" content=\"index, follow, max-snippet:-1, max-image-preview:large, max-video-preview:-1\" \/>\n<link rel=\"canonical\" href=\"https:\/\/aksavann.no\/\" \/>\n<meta property=\"og:locale\" content=\"nb_NO\" \/>\n<meta property=\"og:type\" content=\"article\" \/>\n<meta property=\"og:title\" content=\"Hjem - Aksa Vann\" \/>\n<meta property=\"og:description\" content=\"AKSA Vann AS er en del av energikonsernet Alta Kraftlag SA som driver kraftproduksjon, elektroentrepren\u00f8rtjenester og utvikling av str\u00f8m- og fibernett. Selskapet har ansvar for kraftproduksjon, drift og vedlikehold av konsernets vannkraftverk i K\u00e5ven, M\u00f8llelva, Hakkstabben og Mathisfoss.\" \/>\n<meta property=\"og:url\" content=\"https:\/\/aksavann.no\/\" \/>\n<meta property=\"og:site_name\" content=\"Aksa Vann\" \/>\n<meta property=\"article:modified_time\" content=\"2022-09-29T11:31:13+00:00\" \/>\n<meta property=\"og:image\" content=\"https:\/\/aksavann.no\/wp-content\/uploads\/2022\/09\/AKSA-Vann_Hovedlogo_Mork-Bakgrunn-1024x549.png\" \/>\n<meta name=\"twitter:card\" content=\"summary_large_image\" \/>\n<meta name=\"twitter:label1\" content=\"Ansl. lesetid\" \/>\n\t<meta name=\"twitter:data1\" content=\"1 minutt\" \/>\n<script type=\"application\/ld+json\" class=\"yoast-schema-graph\">{\"@context\":\"https:\/\/schema.org\",\"@graph\":[{\"@type\":\"WebPage\",\"@id\":\"https:\/\/aksavann.no\/\",\"url\":\"https:\/\/aksavann.no\/\",\"name\":\"Hjem - Aksa Vann\",\"isPartOf\":{\"@id\":\"https:\/\/aksavann.no\/#website\"},\"datePublished\":\"2022-09-26T22:42:59+00:00\",\"dateModified\":\"2022-09-29T11:31:13+00:00\",\"breadcrumb\":{\"@id\":\"https:\/\/aksavann.no\/#breadcrumb\"},\"inLanguage\":\"nb-NO\",\"potentialAction\":[{\"@type\":\"ReadAction\",\"target\":[\"https:\/\/aksavann.no\/\"]}]},{\"@type\":\"BreadcrumbList\",\"@id\":\"https:\/\/aksavann.no\/#breadcrumb\",\"itemListElement\":[{\"@type\":\"ListItem\",\"position\":1,\"name\":\"Hjem\",\"item\":\"https:\/\/aksavann.no\/\"},{\"@type\":\"ListItem\",\"position\":2,\"name\":\"Hjem\"}]},{\"@type\":\"WebSite\",\"@id\":\"https:\/\/aksavann.no\/#website\",\"url\":\"https:\/\/aksavann.no\/\",\"name\":\"Aksa Vann\",\"description\":\"\",\"publisher\":{\"@id\":\"https:\/\/aksavann.no\/#organization\"},\"potentialAction\":[{\"@type\":\"SearchAction\",\"target\":{\"@type\":\"EntryPoint\",\"urlTemplate\":\"https:\/\/aksavann.no\/?s={search_term_string}\"},\"query-input\":\"required name=search_term_string\"}],\"inLanguage\":\"nb-NO\"},{\"@type\":\"Organization\",\"@id\":\"https:\/\/aksavann.no\/#organization\",\"name\":\"Aksa Vann\",\"url\":\"https:\/\/aksavann.no\/\",\"sameAs\":[],\"logo\":{\"@type\":\"ImageObject\",\"inLanguage\":\"nb-NO\",\"@id\":\"https:\/\/aksavann.no\/#\/schema\/logo\/image\/\",\"url\":\"https:\/\/aksavann.no\/wp-content\/uploads\/2022\/09\/AKSA-Vann_Hovedlogo_Lys-Bakgrunn.png\",\"contentUrl\":\"https:\/\/aksavann.no\/wp-content\/uploads\/2022\/09\/AKSA-Vann_Hovedlogo_Lys-Bakgrunn.png\",\"width\":1878,\"height\":1005,\"caption\":\"Aksa Vann\"},\"image\":{\"@id\":\"https:\/\/aksavann.no\/#\/schema\/logo\/image\/\"}}]}<\/script>\n<!-- \/ Yoast SEO plugin. -->","yoast_head_json":{"title":"Hjem - Aksa Vann","robots":{"index":"index","follow":"follow","max-snippet":"max-snippet:-1","max-image-preview":"max-image-preview:large","max-video-preview":"max-video-preview:-1"},"canonical":"https:\/\/aksavann.no\/","og_locale":"nb_NO","og_type":"article","og_title":"Hjem - Aksa Vann","og_description":"AKSA Vann AS er en del av energikonsernet Alta Kraftlag SA som driver kraftproduksjon, elektroentrepren\u00f8rtjenester og utvikling av str\u00f8m- og fibernett. Selskapet har ansvar for kraftproduksjon, drift og vedlikehold av konsernets vannkraftverk i K\u00e5ven, M\u00f8llelva, Hakkstabben og Mathisfoss.","og_url":"https:\/\/aksavann.no\/","og_site_name":"Aksa Vann","article_modified_time":"2022-09-29T11:31:13+00:00","og_image":[{"url":"https:\/\/aksavann.no\/wp-content\/uploads\/2022\/09\/AKSA-Vann_Hovedlogo_Mork-Bakgrunn-1024x549.png"}],"twitter_card":"summary_large_image","twitter_misc":{"Ansl. lesetid":"1 minutt"},"schema":{"@context":"https:\/\/schema.org","@graph":[{"@type":"WebPage","@id":"https:\/\/aksavann.no\/","url":"https:\/\/aksavann.no\/","name":"Hjem - Aksa Vann","isPartOf":{"@id":"https:\/\/aksavann.no\/#website"},"datePublished":"2022-09-26T22:42:59+00:00","dateModified":"2022-09-29T11:31:13+00:00","breadcrumb":{"@id":"https:\/\/aksavann.no\/#breadcrumb"},"inLanguage":"nb-NO","potentialAction":[{"@type":"ReadAction","target":["https:\/\/aksavann.no\/"]}]},{"@type":"BreadcrumbList","@id":"https:\/\/aksavann.no\/#breadcrumb","itemListElement":[{"@type":"ListItem","position":1,"name":"Hjem","item":"https:\/\/aksavann.no\/"},{"@type":"ListItem","position":2,"name":"Hjem"}]},{"@type":"WebSite","@id":"https:\/\/aksavann.no\/#website","url":"https:\/\/aksavann.no\/","name":"Aksa Vann","description":"","publisher":{"@id":"https:\/\/aksavann.no\/#organization"},"potentialAction":[{"@type":"SearchAction","target":{"@type":"EntryPoint","urlTemplate":"https:\/\/aksavann.no\/?s={search_term_string}"},"query-input":"required name=search_term_string"}],"inLanguage":"nb-NO"},{"@type":"Organization","@id":"https:\/\/aksavann.no\/#organization","name":"Aksa Vann","url":"https:\/\/aksavann.no\/","sameAs":[],"logo":{"@type":"ImageObject","inLanguage":"nb-NO","@id":"https:\/\/aksavann.no\/#\/schema\/logo\/image\/","url":"https:\/\/aksavann.no\/wp-content\/uploads\/2022\/09\/AKSA-Vann_Hovedlogo_Lys-Bakgrunn.png","contentUrl":"https:\/\/aksavann.no\/wp-content\/uploads\/2022\/09\/AKSA-Vann_Hovedlogo_Lys-Bakgrunn.png","width":1878,"height":1005,"caption":"Aksa Vann"},"image":{"@id":"https:\/\/aksavann.no\/#\/schema\/logo\/image\/"}}]}},"_links":{"self":[{"href":"https:\/\/aksavann.no\/index.php\/wp-json\/wp\/v2\/pages\/10","targetHints":{"allow":["GET"]}}],"collection":[{"href":"https:\/\/aksavann.no\/index.php\/wp-json\/wp\/v2\/pages"}],"about":[{"href":"https:\/\/aksavann.no\/index.php\/wp-json\/wp\/v2\/types\/page"}],"author":[{"embeddable":true,"href":"https:\/\/aksavann.no\/index.php\/wp-json\/wp\/v2\/users\/1"}],"replies":[{"embeddable":true,"href":"https:\/\/aksavann.no\/index.php\/wp-json\/wp\/v2\/comments?post=10"}],"version-history":[{"count":16,"href":"https:\/\/aksavann.no\/index.php\/wp-json\/wp\/v2\/pages\/10\/revisions"}],"predecessor-version":[{"id":48,"href":"https:\/\/aksavann.no\/index.php\/wp-json\/wp\/v2\/pages\/10\/revisions\/48"}],"wp:attachment":[{"href":"https:\/\/aksavann.no\/index.php\/wp-json\/wp\/v2\/media?parent=10"}],"curies":[{"name":"wp","href":"https:\/\/api.w.org\/{rel}","templated":true}]}}